{"id":14,"date":"2025-12-05T22:47:04","date_gmt":"2025-12-05T22:47:04","guid":{"rendered":"http:\/\/www.zakhiaserhani.eu\/?page_id=14"},"modified":"2026-04-06T19:18:52","modified_gmt":"2026-04-06T19:18:52","slug":"accueil","status":"publish","type":"page","link":"https:\/\/www.zakhiaserhani.eu\/","title":{"rendered":"Accueil"},"content":{"rendered":"\n<h2 class=\"wp-block-heading alignwide has-accent-3-color has-text-color has-link-color wp-elements-cfc54992f3663883720b56ec7e94f169\"><strong>Nouveau !!!<\/strong> <strong>Rencontre et s\u00e9ance de d\u00e9dicaces \u00e0 la librairie Quartier Libre (Uccle) le 16 avril 2026<\/strong> <strong>\u00e0 18h30<\/strong><\/h2>\n\n\n\n<p><strong>Infos et inscriptions: <a href=\"https:\/\/my.weezevent.com\/rencontre-avec-zakhia-serhani-auteure-coach-personnelle\">https:\/\/my.weezevent.com\/rencontre-avec-zakhia-serhani-auteure-coach-personnelle<\/a><\/strong><\/p>\n\n\n\n<div class=\"wp-block-group alignfull has-global-padding is-layout-constrained wp-container-core-group-is-layout-669513ed wp-block-group-is-layout-constrained\" style=\"margin-top:0;margin-bottom:0;padding-top:var(--wp--preset--spacing--50);padding-right:var(--wp--preset--spacing--50);padding-bottom:var(--wp--preset--spacing--50);padding-left:var(--wp--preset--spacing--50)\">\n<div class=\"wp-block-columns alignwide is-layout-flex wp-container-core-columns-is-layout-4935966c wp-block-columns-is-layout-flex\" style=\"padding-right:0;padding-left:0\">\n<div class=\"wp-block-column is-layout-flow wp-block-column-is-layout-flow\">\n<div class=\"wp-block-cover has-custom-content-position is-position-bottom-center\"><img loading=\"lazy\" decoding=\"async\" width=\"741\" height=\"989\" class=\"wp-block-cover__image-background wp-image-19\" alt=\"\" src=\"https:\/\/www.zakhiaserhani.eu\/wp-content\/uploads\/2025\/12\/Zakh.jpg\" data-object-fit=\"cover\" srcset=\"https:\/\/www.zakhiaserhani.eu\/wp-content\/uploads\/2025\/12\/Zakh.jpg 741w, https:\/\/www.zakhiaserhani.eu\/wp-content\/uploads\/2025\/12\/Zakh-225x300.jpg 225w\" sizes=\"auto, (max-width: 741px) 100vw, 741px\" \/><span aria-hidden=\"true\" class=\"wp-block-cover__background has-background-dim\"><\/span><div class=\"wp-block-cover__inner-container is-layout-flow wp-block-cover-is-layout-flow\">\n<p class=\"has-text-align-center has-base-2-color has-text-color has-link-color has-large-font-size wp-elements-5e664f27439721a0c45ae41f24fa783c\"><a href=\"https:\/\/www.zakhiaserhani.eu\/index.php\/auteure\/\" data-type=\"page\" data-id=\"51\" target=\"_blank\" rel=\"noreferrer noopener\">Auteure et actualit\u00e9s<\/a><\/p>\n<\/div><\/div>\n<\/div>\n\n\n\n<div class=\"wp-block-column is-layout-flow wp-block-column-is-layout-flow\">\n<div class=\"wp-block-cover has-custom-content-position is-position-bottom-center\"><img loading=\"lazy\" decoding=\"async\" width=\"1280\" height=\"960\" class=\"wp-block-cover__image-background wp-image-18\" alt=\"\" src=\"https:\/\/www.zakhiaserhani.eu\/wp-content\/uploads\/2025\/12\/Publication.jpg\" data-object-fit=\"cover\" srcset=\"https:\/\/www.zakhiaserhani.eu\/wp-content\/uploads\/2025\/12\/Publication.jpg 1280w, https:\/\/www.zakhiaserhani.eu\/wp-content\/uploads\/2025\/12\/Publication-300x225.jpg 300w, https:\/\/www.zakhiaserhani.eu\/wp-content\/uploads\/2025\/12\/Publication-1024x768.jpg 1024w, https:\/\/www.zakhiaserhani.eu\/wp-content\/uploads\/2025\/12\/Publication-768x576.jpg 768w\" sizes=\"auto, (max-width: 1280px) 100vw, 1280px\" \/><span aria-hidden=\"true\" class=\"wp-block-cover__background has-background-dim\"><\/span><div class=\"wp-block-cover__inner-container is-layout-flow wp-block-cover-is-layout-flow\">\n<p class=\"has-text-align-center has-base-2-color has-text-color has-link-color has-large-font-size wp-elements-1677c70eb180899421ddd3e7cde58292\"><a href=\"https:\/\/www.zakhiaserhani.eu\/index.php\/livre-en-developpement-personnel\/\" target=\"_blank\" data-type=\"page\" data-id=\"57\" rel=\"noreferrer noopener\">Livre en d\u00e9veloppement personnel<\/a><\/p>\n<\/div><\/div>\n<\/div>\n\n\n\n<div class=\"wp-block-column is-layout-flow wp-block-column-is-layout-flow\">\n<div class=\"wp-block-cover has-custom-content-position is-position-bottom-center\"><img loading=\"lazy\" decoding=\"async\" width=\"853\" height=\"1280\" class=\"wp-block-cover__image-background wp-image-24\" alt=\"\" src=\"https:\/\/www.zakhiaserhani.eu\/wp-content\/uploads\/2025\/12\/coaching1.jpg\" data-object-fit=\"cover\" srcset=\"https:\/\/www.zakhiaserhani.eu\/wp-content\/uploads\/2025\/12\/coaching1.jpg 853w, https:\/\/www.zakhiaserhani.eu\/wp-content\/uploads\/2025\/12\/coaching1-200x300.jpg 200w, https:\/\/www.zakhiaserhani.eu\/wp-content\/uploads\/2025\/12\/coaching1-682x1024.jpg 682w, https:\/\/www.zakhiaserhani.eu\/wp-content\/uploads\/2025\/12\/coaching1-768x1152.jpg 768w\" sizes=\"auto, (max-width: 853px) 100vw, 853px\" \/><span aria-hidden=\"true\" class=\"wp-block-cover__background has-background-dim\"><\/span><div class=\"wp-block-cover__inner-container is-layout-flow wp-block-cover-is-layout-flow\">\n<p class=\"has-text-align-center has-base-2-color has-text-color has-link-color has-large-font-size wp-elements-697cf040036b54921c3c3c79a7856f2f\"><a href=\"https:\/\/www.zakhiaserhani.eu\/index.php\/coaching\/\" target=\"_blank\" data-type=\"page\" data-id=\"62\" rel=\"noreferrer noopener\">Coaching<\/a><\/p>\n<\/div><\/div>\n<\/div>\n<\/div>\n\n\n\n<div style=\"height:203px\" aria-hidden=\"true\" class=\"wp-block-spacer\"><\/div>\n\n\n\n<hr class=\"wp-block-separator has-alpha-channel-opacity is-style-wide\"\/>\n\n\n\n<p class=\"has-text-align-left\" style=\"font-size:9px\">Credit photos: pixabay beasternchen &amp; ChiemSeherin<\/p>\n<\/div>\n","protected":false},"excerpt":{"rendered":"<p>Nouveau !!! Rencontre et s\u00e9ance de d\u00e9dicaces \u00e0 la librairie Quartier Libre (Uccle) le 16 avril 2026 \u00e0 18h30 Infos et inscriptions: https:\/\/my.weezevent.com\/rencontre-avec-zakhia-serhani-auteure-coach-personnelle Credit photos: pixabay beasternchen &amp; ChiemSeherin<\/p>\n","protected":false},"author":1,"featured_media":0,"parent":0,"menu_order":1,"comment_status":"closed","ping_status":"closed","template":"page-no-title","meta":{"footnotes":"[]"},"class_list":["post-14","page","type-page","status-publish","hentry"],"_links":{"self":[{"href":"https:\/\/www.zakhiaserhani.eu\/index.php\/wp-json\/wp\/v2\/pages\/14","targetHints":{"allow":["GET"]}}],"collection":[{"href":"https:\/\/www.zakhiaserhani.eu\/index.php\/wp-json\/wp\/v2\/pages"}],"about":[{"href":"https:\/\/www.zakhiaserhani.eu\/index.php\/wp-json\/wp\/v2\/types\/page"}],"author":[{"embeddable":true,"href":"https:\/\/www.zakhiaserhani.eu\/index.php\/wp-json\/wp\/v2\/users\/1"}],"replies":[{"embeddable":true,"href":"https:\/\/www.zakhiaserhani.eu\/index.php\/wp-json\/wp\/v2\/comments?post=14"}],"version-history":[{"count":40,"href":"https:\/\/www.zakhiaserhani.eu\/index.php\/wp-json\/wp\/v2\/pages\/14\/revisions"}],"predecessor-version":[{"id":309,"href":"https:\/\/www.zakhiaserhani.eu\/index.php\/wp-json\/wp\/v2\/pages\/14\/revisions\/309"}],"wp:attachment":[{"href":"https:\/\/www.zakhiaserhani.eu\/index.php\/wp-json\/wp\/v2\/media?parent=14"}],"curies":[{"name":"wp","href":"https:\/\/api.w.org\/{rel}","templated":true}]}}