{"id":51,"date":"2025-12-05T22:47:56","date_gmt":"2025-12-05T22:47:56","guid":{"rendered":"http:\/\/www.zakhiaserhani.eu\/?page_id=51"},"modified":"2026-04-06T19:17:12","modified_gmt":"2026-04-06T19:17:12","slug":"auteure-developpement-personnel","status":"publish","type":"page","link":"https:\/\/www.zakhiaserhani.eu\/index.php\/auteure-developpement-personnel\/","title":{"rendered":"Auteure et actualit\u00e9s"},"content":{"rendered":"\n<div class=\"wp-block-group alignfull has-base-background-color has-background has-global-padding is-content-justification-left is-layout-constrained wp-container-core-group-is-layout-dcdf3663 wp-block-group-is-layout-constrained\" style=\"margin-top:0;margin-bottom:0;padding-top:var(--wp--preset--spacing--50);padding-right:var(--wp--preset--spacing--50);padding-bottom:var(--wp--preset--spacing--50);padding-left:var(--wp--preset--spacing--50)\">\n<div class=\"wp-block-columns alignwide is-layout-flex wp-container-core-columns-is-layout-1da03c2a wp-block-columns-is-layout-flex\">\n<div class=\"wp-block-column is-vertically-aligned-center is-layout-flow wp-block-column-is-layout-flow\" style=\"flex-basis:60%\">\n<div class=\"wp-block-columns are-vertically-aligned-top is-layout-flex wp-container-core-columns-is-layout-28f84493 wp-block-columns-is-layout-flex\">\n<div class=\"wp-block-column is-vertically-aligned-top is-layout-flow wp-block-column-is-layout-flow\" style=\"flex-basis:100%\">\n<figure class=\"wp-block-image size-full is-style-rounded wp-duotone-unset-2 is-style-rounded--1\"><img loading=\"lazy\" decoding=\"async\" width=\"741\" height=\"989\" src=\"https:\/\/www.zakhiaserhani.eu\/wp-content\/uploads\/2025\/12\/Zakh.jpg\" alt=\"Zakhia Serhani, auteure de livre L'efficacit\u00e9 personnelle en 7 balances\" class=\"wp-image-19\" style=\"object-fit:cover\" srcset=\"https:\/\/www.zakhiaserhani.eu\/wp-content\/uploads\/2025\/12\/Zakh.jpg 741w, https:\/\/www.zakhiaserhani.eu\/wp-content\/uploads\/2025\/12\/Zakh-225x300.jpg 225w\" sizes=\"auto, (max-width: 741px) 100vw, 741px\" \/><\/figure>\n<\/div>\n<\/div>\n<\/div>\n\n\n\n<div class=\"wp-block-column is-vertically-aligned-top is-layout-flow wp-block-column-is-layout-flow\" style=\"flex-basis:60%\">\n<h2 class=\"wp-block-heading\">Zakhia Serhani<\/h2>\n\n\n\n<p><strong>Auteure, formatrice et coach<\/strong> (d\u00e9veloppement personnel, objectifs professionnels)<\/p>\n\n\n\n<p>&#8220;L&#8217;efficacit\u00e9 personnelle, c&#8217;est mon dada. J&#8217;en ai fait le c\u0153ur de mes activit\u00e9s, et m\u00eame le titre de mon premier livre !&#8221;<\/p>\n\n\n\n<p><strong>Biographie de l&#8217;auteure:<\/strong><\/p>\n\n\n\n<p>Autrice, formatrice, consultante et coach, Zakhia est fran\u00e7aise et vit depuis plus de vingt ans \u00e0 Bruxelles. Elle forme notamment \u00e0 la gestion de projets, la gestion du temps et des priorit\u00e9s, et l&#8217;optimisation de r\u00e9union, en fran\u00e7ais et en anglais. Elle est \u00e9galement enseignante en Programmation Neurolinguistique au CFIP (Centre pour la Formation et l&#8217;Intervention Psychosociologique). Form\u00e9e au management (Ecole de commerce en France + Master of Science in Management aux Etats-Unis), Zakhia dispose de 25 ann\u00e9es d&#8217;exp\u00e9rience en gestion de projets. Elle est \u00e9galement certifi\u00e9e aux m\u00e9thodologies de gestion de projets 6 sigma (Green Belt) et Prince 2 (Practitioner), ainsi qu\u2019\u00e0 la gestion du changement (Prosci\/Adkar).\u00c0 travers ses activit\u00e9s d\u2019autrice, elle cherche \u00e0 transmettre des id\u00e9es directrices pour gagner en efficacit\u00e9, mais surtout les ressources pour y parvenir. Son ambition : aider chacun et chacune \u00e0 identifier ce qui fonctionne r\u00e9ellement pour soi, sans dogmes ni recettes miracles. Seulement du concret et des outils \u00e9prouv\u00e9s. Elle croit profond\u00e9ment en la capacit\u00e9 de chacun et chacune \u00e0 trouver son propre chemin et \u00e0 mettre en \u0153uvre les moyens n\u00e9cessaires pour avancer pas \u00e0 pas vers plus d\u2019efficacit\u00e9, de sens et d\u2019autonomie.<\/p>\n\n\n\n<p>Son livre est disponible sur plusieurs plateformes, dans les cat\u00e9gories &#8220;Bien \u00eatre&#8221; et &#8220;D\u00e9veloppement personnel&#8221;.<\/p>\n\n\n\n<figure class=\"wp-block-embed is-type-wp-embed is-provider-accueil wp-block-embed-accueil\"><div class=\"wp-block-embed__wrapper\">\n<blockquote class=\"wp-embedded-content\" data-secret=\"Dx48z5D7Cb\"><a href=\"https:\/\/www.zakhiaserhani.eu\/index.php\/livre-en-developpement-personnel\/\">Livre en d\u00e9veloppement personnel<\/a><\/blockquote><iframe loading=\"lazy\" class=\"wp-embedded-content\" sandbox=\"allow-scripts\" security=\"restricted\" style=\"position: absolute; visibility: hidden;\" title=\"&#8220;Livre en d\u00e9veloppement personnel&#8221; &#8212; Accueil\" src=\"https:\/\/www.zakhiaserhani.eu\/index.php\/livre-en-developpement-personnel\/embed\/#?secret=66joy721xs#?secret=Dx48z5D7Cb\" data-secret=\"Dx48z5D7Cb\" width=\"500\" height=\"282\" frameborder=\"0\" marginwidth=\"0\" marginheight=\"0\" scrolling=\"no\"><\/iframe>\n<\/div><\/figure>\n<\/div>\n<\/div>\n\n\n\n<p>Suivre l&#8217;auteure sur <a href=\"https:\/\/www.instagram.com\/serhanizakhia?igsh=b3ZhcnhtbWlucnJ2\">Instagram<\/a>, <a href=\"https:\/\/www.linkedin.com\/in\/zakhiaserhani\/\">LinkedIn<\/a>, <a href=\"https:\/\/www.facebook.com\/share\/1Buw3NA2Qd\/\">Facebook<\/a><\/p>\n\n\n\n<h2 data-wp-context---core-fit-text=\"core\/fit-text::{&quot;fontSize&quot;:&quot;&quot;}\" data-wp-init---core-fit-text=\"core\/fit-text::callbacks.init\" data-wp-interactive data-wp-style--font-size=\"core\/fit-text::context.fontSize\" class=\"wp-block-heading has-fit-text\">Actualit\u00e9s<\/h2>\n\n\n\n<p class=\"has-contrast-color has-accent-background-color has-text-color has-background has-link-color wp-elements-06e3c02125321c64f738c4e27ef0f3a0\"><strong>Nouveau !!!<\/strong> <strong>Rencontre et s\u00e9ance de d\u00e9dicaces \u00e0 la librairie Quartier Libre (Uccle) le 16 avril 2026, de 18h30 \u00e0 20h<\/strong><\/p>\n\n\n\n<p>Infos et inscriptions: <a href=\"https:\/\/my.weezevent.com\/rencontre-avec-zakhia-serhani-auteure-coach-personnelle\">https:\/\/my.weezevent.com\/rencontre-avec-zakhia-serhani-auteure-coach-personnelle<\/a><\/p>\n\n\n\n<div style=\"height:100px\" aria-hidden=\"true\" class=\"wp-block-spacer\"><\/div>\n\n\n\n<div class=\"wp-block-media-text is-stacked-on-mobile\"><figure class=\"wp-block-media-text__media\"><video controls src=\"https:\/\/www.zakhiaserhani.eu\/wp-content\/uploads\/2026\/04\/WhatsApp-Video-2026-03-22-at-11.43.11.mp4\"><\/video><\/figure><div class=\"wp-block-media-text__content\">\n<p class=\"has-contrast-color has-text-color has-link-color has-large-font-size wp-elements-4d81297e84a8656ab25fadcddc8c594c\">Comment mon livre se fabrique chez Quartier Libre (Uccle) !!!<\/p>\n\n\n\n<p>Cr\u00e9dits Vid\u00e9o: Quartier Libre<\/p>\n\n\n\n<p><\/p>\n<\/div><\/div>\n\n\n\n<hr class=\"wp-block-separator has-alpha-channel-opacity\"\/>\n\n\n\n<div style=\"height:100px\" aria-hidden=\"true\" class=\"wp-block-spacer\"><\/div>\n\n\n\n<p><mark style=\"background-color:rgba(0, 0, 0, 0)\" class=\"has-inline-color has-accent-3-color\"><em>Conf\u00e9rence<\/em><\/mark> le 5 mars au Cfip (Bruxelles):<br>pr\u00e9sentation du livre <mark style=\"background-color:rgba(0, 0, 0, 0)\" class=\"has-inline-color has-accent-3-color\">&#8220;L&#8217;efficacit\u00e9 personnelle en 7 balances&#8221;<\/mark><br>et s\u00e9ance de d\u00e9dicace.<\/p>\n\n\n\n<div class=\"wp-block-buttons alignwide is-horizontal is-content-justification-left is-layout-flex wp-container-core-buttons-is-layout-eef0b180 wp-block-buttons-is-layout-flex\">\n<div class=\"wp-block-button has-custom-width wp-block-button__width-25 is-style-fill\"><a class=\"wp-block-button__link has-contrast-color has-accent-3-background-color has-text-color has-background has-link-color has-text-align-left wp-element-button\" href=\"https:\/\/www.zakhiaserhani.eu\/wp-content\/uploads\/2026\/03\/Les-7-balances_Conference-5-mars-2026_CFIP.pdf\">Document de la conf\u00e9rence du 5\/03\/26<\/a><\/div>\n<\/div>\n<\/div>\n","protected":false},"excerpt":{"rendered":"<p>Zakhia Serhani Auteure, formatrice et coach (d\u00e9veloppement personnel, objectifs professionnels) &#8220;L&#8217;efficacit\u00e9 personnelle, c&#8217;est mon dada. J&#8217;en ai fait le c\u0153ur de mes activit\u00e9s, et m\u00eame le titre de mon premier livre !&#8221; Biographie de l&#8217;auteure: Autrice, formatrice, consultante et coach, Zakhia est fran\u00e7aise et vit depuis plus de vingt ans \u00e0 Bruxelles. Elle forme notamment [&hellip;]<\/p>\n","protected":false},"author":1,"featured_media":0,"parent":0,"menu_order":2,"comment_status":"closed","ping_status":"closed","template":"","meta":{"footnotes":""},"class_list":["post-51","page","type-page","status-publish","hentry"],"_links":{"self":[{"href":"https:\/\/www.zakhiaserhani.eu\/index.php\/wp-json\/wp\/v2\/pages\/51","targetHints":{"allow":["GET"]}}],"collection":[{"href":"https:\/\/www.zakhiaserhani.eu\/index.php\/wp-json\/wp\/v2\/pages"}],"about":[{"href":"https:\/\/www.zakhiaserhani.eu\/index.php\/wp-json\/wp\/v2\/types\/page"}],"author":[{"embeddable":true,"href":"https:\/\/www.zakhiaserhani.eu\/index.php\/wp-json\/wp\/v2\/users\/1"}],"replies":[{"embeddable":true,"href":"https:\/\/www.zakhiaserhani.eu\/index.php\/wp-json\/wp\/v2\/comments?post=51"}],"version-history":[{"count":25,"href":"https:\/\/www.zakhiaserhani.eu\/index.php\/wp-json\/wp\/v2\/pages\/51\/revisions"}],"predecessor-version":[{"id":307,"href":"https:\/\/www.zakhiaserhani.eu\/index.php\/wp-json\/wp\/v2\/pages\/51\/revisions\/307"}],"wp:attachment":[{"href":"https:\/\/www.zakhiaserhani.eu\/index.php\/wp-json\/wp\/v2\/media?parent=51"}],"curies":[{"name":"wp","href":"https:\/\/api.w.org\/{rel}","templated":true}]}}