{"id":57,"date":"2025-12-05T22:49:17","date_gmt":"2025-12-05T22:49:17","guid":{"rendered":"http:\/\/www.zakhiaserhani.eu\/?page_id=57"},"modified":"2026-04-06T16:54:49","modified_gmt":"2026-04-06T16:54:49","slug":"livre-en-developpement-personnel","status":"publish","type":"page","link":"https:\/\/www.zakhiaserhani.eu\/index.php\/livre-en-developpement-personnel\/","title":{"rendered":"Livre en d\u00e9veloppement personnel"},"content":{"rendered":"\n<div class=\"wp-block-group alignfull has-accent-background-color has-background has-global-padding is-layout-constrained wp-container-core-group-is-layout-669513ed wp-block-group-is-layout-constrained\" id=\"<iframe-src=&quot;https:\/\/www.thebookedition.com\/fr\/module\/authorbanner\/view?id_banner=16722&amp;token=%25v696763b4407ef&quot;-height=&quot;250&quot;-width=&quot;300&quot;&gt;<\/iframe&gt;\" style=\"margin-top:0;margin-bottom:0;padding-top:var(--wp--preset--spacing--50);padding-right:var(--wp--preset--spacing--50);padding-bottom:var(--wp--preset--spacing--50);padding-left:var(--wp--preset--spacing--50)\">\n<div class=\"wp-block-columns alignwide is-layout-flex wp-container-core-columns-is-layout-1da03c2a wp-block-columns-is-layout-flex\">\n<div class=\"wp-block-column is-vertically-aligned-center is-layout-flow wp-block-column-is-layout-flow\" style=\"flex-basis:50%\">\n<div class=\"wp-block-group is-vertical is-content-justification-stretch is-layout-flex wp-container-core-group-is-layout-444d5ee8 wp-block-group-is-layout-flex\" style=\"min-height:100%\">\n<h2 class=\"wp-block-heading\">Et si se poser les bonnes questions \u00e9tait la cl\u00e9&#8230;<\/h2>\n\n\n\n<p class=\"has-text-align-left has-heading-font-family\" style=\"font-size:clamp(0.957rem, 0.957rem + ((1vw - 0.2rem) * 0.822), 1.45rem);line-height:1.2\"><strong>Et si se poser les bonnes questions \u00e9tait la cl\u00e9 pour identifier la r\u00e9elle nature de ces obstacles, et enclencher des changements souhaitables et durables\u2009?<\/strong><br><br><strong>Explorez dans ce livre vos habitudes et les th\u00e9matiques de la motivation, de la confiance en soi, de la procrastination, du perfectionnisme, de la concentration, et bien d&#8217;autres encore qui sont en lien avec le d\u00e9veloppement personnel, la r\u00e9ussite et la transformation de soi.<\/strong> <strong>Devenez pilote de votre changement et guide de votre efficacit\u00e9 personnelle.<\/strong><\/p>\n<\/div>\n<\/div>\n\n\n\n<div class=\"wp-block-column is-vertically-aligned-center is-layout-flow wp-block-column-is-layout-flow\" style=\"flex-basis:40%\">\n<figure class=\"wp-block-image size-large is-style-default\"><img loading=\"lazy\" decoding=\"async\" width=\"648\" height=\"1024\" src=\"https:\/\/www.zakhiaserhani.eu\/wp-content\/uploads\/2025\/12\/Livre-e1768386733605-648x1024.jpeg\" alt=\"Livre en d\u00e9veloppement personnel\" class=\"wp-image-26\" style=\"aspect-ratio:3\/4;object-fit:cover\" srcset=\"https:\/\/www.zakhiaserhani.eu\/wp-content\/uploads\/2025\/12\/Livre-e1768386733605-648x1024.jpeg 648w, https:\/\/www.zakhiaserhani.eu\/wp-content\/uploads\/2025\/12\/Livre-e1768386733605-190x300.jpeg 190w, https:\/\/www.zakhiaserhani.eu\/wp-content\/uploads\/2025\/12\/Livre-e1768386733605-768x1214.jpeg 768w, https:\/\/www.zakhiaserhani.eu\/wp-content\/uploads\/2025\/12\/Livre-e1768386733605-971x1536.jpeg 971w, https:\/\/www.zakhiaserhani.eu\/wp-content\/uploads\/2025\/12\/Livre-e1768386733605-1295x2048.jpeg 1295w, https:\/\/www.zakhiaserhani.eu\/wp-content\/uploads\/2025\/12\/Livre-e1768386733605.jpeg 1600w\" sizes=\"auto, (max-width: 648px) 100vw, 648px\" \/><figcaption class=\"wp-element-caption\">L&#8217;efficacit\u00e9 personnelle en 7 balances, livre en d\u00e9veloppement personnel<\/figcaption><\/figure>\n\n\n\n<div class=\"wp-block-buttons has-custom-font-size has-body-font-family is-content-justification-center is-layout-flex wp-container-core-buttons-is-layout-5b5683f2 wp-block-buttons-is-layout-flex\" style=\"font-size:0.7rem\">\n<div class=\"wp-block-button is-style-outline is-style-outline--1\"><a class=\"wp-block-button__link has-text-align-center wp-element-button\" href=\"https:\/\/lire.amazon.fr\/sample\/B0G5H5FGXC?clientId=share\" style=\"padding-top:5px;padding-bottom:5px\" target=\"_blank\" rel=\"noreferrer noopener\">Lire l&#8217;\u00e9chantillon<\/a><\/div>\n<\/div>\n<\/div>\n<\/div>\n\n\n\n<div class=\"wp-block-columns alignwide is-layout-flex wp-container-core-columns-is-layout-1da03c2a wp-block-columns-is-layout-flex\">\n<div class=\"wp-block-column is-vertically-aligned-center is-layout-flow wp-block-column-is-layout-flow\" style=\"flex-basis:100%\">\n<div class=\"wp-block-group is-vertical is-content-justification-stretch is-layout-flex wp-container-core-group-is-layout-444d5ee8 wp-block-group-is-layout-flex\" style=\"min-height:100%\">\n<p class=\"has-text-align-left has-heading-font-family\" style=\"font-size:clamp(0.957rem, 0.957rem + ((1vw - 0.2rem) * 0.822), 1.45rem);line-height:1.2\"><strong>\ud83d\udcda<strong><mark style=\"background-color:rgba(0, 0, 0, 0)\" class=\"has-inline-color has-accent-3-color\">Le livre est commandable dans toutes les librairies de Belgique et de France<\/mark><\/strong><mark style=\"background-color:rgba(0, 0, 0, 0)\" class=\"has-inline-color has-accent-3-color\">.<\/mark><\/strong><\/p>\n\n\n\n<p>Librairies dans lesquelles le livre est en stock:<br>&#8211; Librairie Candide (Ixelles, BE)<br>&#8211; Graffiti (Waterloo, BE)<br>&#8211; Librairie Le Corner (Ixelles, BE)<br>&#8211; Librairie du Midi (Anderlecht, BE)<br>&#8211; Victor, Marguerite et Cie (St-Gilles, BE)<\/p>\n\n\n\n<p class=\"has-text-align-left has-heading-font-family\" style=\"font-size:clamp(0.957rem, 0.957rem + ((1vw - 0.2rem) * 0.822), 1.45rem);line-height:1.2\"><strong>\ud83d\uded2<strong><mark style=\"background-color:rgba(0, 0, 0, 0)\" class=\"has-inline-color has-accent-3-color\"><mark style=\"background-color:rgba(0, 0, 0, 0)\" class=\"has-inline-color has-contrast-color\"><strong>Acheter le livre en ligne, en formats papier (broch\u00e9) ou num\u00e9rique (Ebook<\/strong>)<\/mark><\/mark><\/strong><\/strong><\/p>\n<\/div>\n<\/div>\n<\/div>\n\n\n\n<div class=\"wp-block-group alignwide is-horizontal is-content-justification-left is-nowrap is-layout-flex wp-container-core-group-is-layout-e5fbeb3a wp-block-group-is-layout-flex\">\n<div class=\"wp-block-group is-nowrap is-layout-flex wp-container-core-group-is-layout-6c531013 wp-block-group-is-layout-flex\">\n<div class=\"wp-block-buttons is-content-justification-left is-layout-flex wp-container-core-buttons-is-layout-fc4fd283 wp-block-buttons-is-layout-flex\">\n<div class=\"wp-block-button\"><a class=\"wp-block-button__link wp-element-button\" href=\"https:\/\/www.librel.be\/listeliv.php?flou&amp;mots_recherche=l%27efficacit%C3%A9%20personnelle%20en%207%20balances&amp;base=allbooks\" target=\"_blank\" rel=\"noreferrer noopener\">Librel<\/a><\/div>\n<\/div>\n\n\n\n<div class=\"wp-block-columns is-layout-flex wp-container-core-columns-is-layout-28f84493 wp-block-columns-is-layout-flex\">\n<div class=\"wp-block-column is-layout-flow wp-block-column-is-layout-flow\" style=\"flex-basis:130px\">\n<div class=\"wp-block-buttons is-layout-flex wp-block-buttons-is-layout-flex\">\n<div class=\"wp-block-button\"><a class=\"wp-block-button__link wp-element-button\" href=\"https:\/\/quartierlibre.coop\/livre\/26239019-l-efficacite-personnelle-en-7-balances-guide-pratique-pour-devenir-pilote-de-votre-changement-et-c-serhani-zakhia-zakhia-serhani\" target=\"_blank\" rel=\"noreferrer noopener\">Quartier Libre<\/a><\/div>\n<\/div>\n<\/div>\n<\/div>\n<\/div>\n\n\n\n<div class=\"wp-block-buttons is-layout-flex wp-block-buttons-is-layout-flex\">\n<div class=\"wp-block-button\"><a class=\"wp-block-button__link wp-element-button\" href=\"https:\/\/www.amazon.fr\/Lefficacit%C3%A9-personnelle-balances-changement-efficacit%C3%A9\/dp\/2960402707\/ref=tmm_pap_swatch_0?_encoding=UTF8&amp;dib_tag=se&amp;dib=eyJ2IjoiMSJ9.I2f6rVw0RD0D1I0PkmaJDA.-y5bfqpdrn0WDvjVw7A31_KpJ3utUQD5EWomW2Pox4A&amp;qid=1765128662&amp;sr=8-1\" target=\"_blank\" rel=\"noreferrer noopener\">Amazon Livre broch\u00e9<\/a><\/div>\n\n\n\n<div class=\"wp-block-button\"><a class=\"wp-block-button__link wp-element-button\" href=\"https:\/\/www.amazon.fr\/Lefficacit%C3%A9-personnelle-balances-changement-efficacit%C3%A9-ebook\/dp\/B0G5H5FGXC\/ref=sr_1_1?__mk_fr_FR=%C3%85M%C3%85%C5%BD%C3%95%C3%91&amp;crid=2URGSDJUTKBK8&amp;dib=eyJ2IjoiMSJ9.I2f6rVw0RD0D1I0PkmaJDA.-y5bfqpdrn0WDvjVw7A31_KpJ3utUQD5EWomW2Pox4A&amp;dib_tag=se&amp;keywords=zakhia+serhani&amp;qid=1765128662&amp;sprefix=zakhia+serhani%2Caps%2C73&amp;sr=8-1\" target=\"_blank\" rel=\"noreferrer noopener\">Amazon Ebook<\/a><\/div>\n<\/div>\n\n\n\n<div class=\"wp-block-buttons is-layout-flex wp-block-buttons-is-layout-flex\">\n<div class=\"wp-block-button\"><a class=\"wp-block-button__link wp-element-button\" href=\"https:\/\/www.fnac.com\/livre-numerique\/a22447988\/Zakhia-Serhani-L-efficacite-personnelle-en-7-balances#FORMAT=ebook%20(ePub)\" target=\"_blank\" rel=\"noreferrer noopener\">Fnac Ebook<\/a><\/div>\n<\/div>\n\n\n\n<div class=\"wp-block-buttons is-layout-flex wp-block-buttons-is-layout-flex\">\n<div class=\"wp-block-button\"><a class=\"wp-block-button__link wp-element-button\" href=\"https:\/\/www.kobo.com\/ebook\/l-efficacite-personnelle-en-7-balances?sId=c4b23841-e98c-4936-ab2d-13d4acd83e77&amp;ssId=bnEvU8Vc8jqNS0Rmm_keP&amp;cPos=1\" target=\"_blank\" rel=\"noreferrer noopener\">Kobo Ebook<\/a><\/div>\n<\/div>\n\n\n\n<figure class=\"wp-block-gallery has-nested-images columns-default is-cropped wp-block-gallery-2 is-layout-flex wp-block-gallery-is-layout-flex\">\n<figure class=\"wp-block-image size-full\"><a href=\"https:\/\/www.thebookedition.com\/fr\/l-efficacite-personnelle-en-7-balances-p-424112.html?referer=https:\/\/www.thebookedition.com\/fr\/module\/authorbanner\/list&amp;token=%c6967639d99324\"><img loading=\"lazy\" decoding=\"async\" width=\"201\" height=\"39\" data-id=\"126\" src=\"https:\/\/www.zakhiaserhani.eu\/wp-content\/uploads\/2026\/01\/bookedition-e1768384831372.png\" alt=\"\" class=\"wp-image-126\"\/><\/a><\/figure>\n<\/figure>\n<\/div>\n<\/div>\n\n\n\n<div class=\"wp-block-group alignfull has-contrast-3-background-color has-background has-global-padding is-layout-constrained wp-container-core-group-is-layout-d89aad35 wp-block-group-is-layout-constrained\" style=\"margin-top:0;margin-bottom:0;padding-top:var(--wp--preset--spacing--50);padding-right:var(--wp--preset--spacing--50);padding-bottom:var(--wp--preset--spacing--50);padding-left:var(--wp--preset--spacing--50)\">\n<div class=\"wp-block-columns alignwide is-layout-flex wp-container-core-columns-is-layout-1da03c2a wp-block-columns-is-layout-flex\">\n<div class=\"wp-block-column is-vertically-aligned-center is-layout-flow wp-block-column-is-layout-flow\" style=\"flex-basis:60%\">\n<figure class=\"wp-block-image size-full is-style-rounded wp-duotone-unset-4 is-style-rounded--3\"><img loading=\"lazy\" decoding=\"async\" width=\"708\" height=\"678\" src=\"https:\/\/www.zakhiaserhani.eu\/wp-content\/uploads\/2025\/12\/Capture-decran-2025-12-19-112917.png\" alt=\"\" class=\"wp-image-104\" srcset=\"https:\/\/www.zakhiaserhani.eu\/wp-content\/uploads\/2025\/12\/Capture-decran-2025-12-19-112917.png 708w, https:\/\/www.zakhiaserhani.eu\/wp-content\/uploads\/2025\/12\/Capture-decran-2025-12-19-112917-300x287.png 300w\" sizes=\"auto, (max-width: 708px) 100vw, 708px\" \/><\/figure>\n<\/div>\n\n\n\n<div class=\"wp-block-column is-layout-flow wp-block-column-is-layout-flow\" style=\"flex-basis:60%\">\n<h2 class=\"wp-block-heading\">Quelques extraits du livre<\/h2>\n\n\n\n<p>Pour vous faire d\u00e9couvrir mon livre, voici quelques extraits choisis:<\/p>\n\n\n\n<p><strong>Extrait #1<\/strong>: les toutes premi\u00e8res pages de l&#8217;introduction qui annoncent les grands enjeux du livre.<\/p>\n\n\n\n<p><strong>Extrait #2<\/strong>: le sommaire.<\/p>\n\n\n\n<p><strong>Extrait #3<\/strong>: les premi\u00e8res pages de la troisi\u00e8me balance du livre &#8220;R\u00eave-R\u00e9alisme&#8221;, pour vous en donner un avant-go\u00fbt.<\/p>\n\n\n\n<div class=\"wp-block-buttons is-layout-flex wp-block-buttons-is-layout-flex\">\n<div class=\"wp-block-button\"><a class=\"wp-block-button__link wp-element-button\" href=\"https:\/\/www.zakhiaserhani.eu\/wp-content\/uploads\/2025\/12\/Lefficacite-personnelle_Extrait_1_Introduction.pdf\" target=\"_blank\" rel=\"noreferrer noopener\">Extrait #1<\/a><\/div>\n\n\n\n<div class=\"wp-block-button\"><a class=\"wp-block-button__link wp-element-button\" href=\"https:\/\/www.zakhiaserhani.eu\/wp-content\/uploads\/2025\/12\/Lefficacite-personnelle_Extrait_2_Sommaire.pdf\" target=\"_blank\" rel=\"noreferrer noopener\">Extrait #2<\/a><\/div>\n\n\n\n<div class=\"wp-block-button\"><a class=\"wp-block-button__link wp-element-button\" href=\"https:\/\/www.zakhiaserhani.eu\/wp-content\/uploads\/2025\/12\/Leffifacite-personnelle_Extrait_3_Balance_Reve_Realisme.pdf\" target=\"_blank\" rel=\"noreferrer noopener\">Extrait #3<\/a><\/div>\n<\/div>\n<\/div>\n<\/div>\n<\/div>\n\n\n\n<div class=\"wp-block-group alignfull has-accent-5-background-color has-background has-global-padding is-layout-constrained wp-container-core-group-is-layout-d89aad35 wp-block-group-is-layout-constrained\" style=\"margin-top:0;margin-bottom:0;padding-top:var(--wp--preset--spacing--50);padding-right:var(--wp--preset--spacing--50);padding-bottom:var(--wp--preset--spacing--50);padding-left:var(--wp--preset--spacing--50)\">\n<div class=\"wp-block-columns alignwide is-layout-flex wp-container-core-columns-is-layout-1da03c2a wp-block-columns-is-layout-flex\">\n<div class=\"wp-block-column is-layout-flow wp-block-column-is-layout-flow\" style=\"flex-basis:60%\">\n<h2 class=\"wp-block-heading\">Quelques avis lecteur.rices du livre<\/h2>\n\n\n\n<p><\/p>\n\n\n\n<p><em>&#8220;Une lecture qui m\u2019a \u00e9t\u00e9 d\u2019une grande utilit\u00e9. \u00c7a m\u2019a permis de mieux me conna\u00eetre et de m\u2019aider \u00e0 changer quelques mauvaises habitudes. Je recommande chaudement!&#8221;<\/em>, post\u00e9 sur fnac.com<\/p>\n\n\n\n<p><em>&#8220;A lire absolument l\u2019efficacit\u00e9 personnelle en 7 balances. Je recommande vivement !&#8221;<\/em>, <a href=\"https:\/\/www.amazon.fr\/gp\/customer-reviews\/R38XD9S8MH60YS\/ref=cm_cr_dp_d_rvw_ttl?ie=UTF8\">post\u00e9 sur Amazon<\/a><\/p>\n\n\n\n<p><em>&#8220;Un livre inspirant et profond\u00e9ment motivant. Il invite \u00e0 une vraie r\u00e9flexion sur soi, avec des outils concrets et accessibles pour mieux se comprendre et avancer avec plus de confiance. Une lecture qui fait du bien et qui donne envie de passer \u00e0 l\u2019action. Je le recommande vivement \u00e0 toute personne souhaitant \u00e9voluer et se reconnecter \u00e0 elle-m\u00eame.&#8221;<\/em>, <a href=\"https:\/\/www.amazon.fr\/gp\/customer-reviews\/R1DG79U0K4ASAU\/ref=cm_cr_dp_d_rvw_ttl?ie=UTF8\">post\u00e9 sur Amazon<\/a><\/p>\n\n\n\n<p><em>&#8220;Je recommande tr\u00e8s fortement<br>C est un vrai plaisir tr\u00e8s fluide et tr\u00e8s \u00e9clairant&#8221;<\/em>, <a href=\"https:\/\/www.linkedin.com\/feed\/update\/urn:li:activity:7416739557653778432?commentUrn=urn%3Ali%3Acomment%3A%28activity%3A7416739557653778432%2C7416879243198087169%29&amp;dashCommentUrn=urn%3Ali%3Afsd_comment%3A%287416879243198087169%2Curn%3Ali%3Aactivity%3A7416739557653778432%29\" target=\"_blank\" data-type=\"link\" data-id=\"https:\/\/www.linkedin.com\/feed\/update\/urn:li:activity:7416739557653778432?commentUrn=urn%3Ali%3Acomment%3A%28activity%3A7416739557653778432%2C7416879243198087169%29&amp;dashCommentUrn=urn%3Ali%3Afsd_comment%3A%287416879243198087169%2Curn%3Ali%3Aactivity%3A7416739557653778432%29\" rel=\"noreferrer noopener\">post\u00e9 sur LinkedIn<\/a><\/p>\n\n\n\n<div class=\"wp-block-buttons is-layout-flex wp-block-buttons-is-layout-flex\"><\/div>\n<\/div>\n<\/div>\n<\/div>\n","protected":false},"excerpt":{"rendered":"<p>Et si se poser les bonnes questions \u00e9tait la cl\u00e9&#8230; Et si se poser les bonnes questions \u00e9tait la cl\u00e9 pour identifier la r\u00e9elle nature de ces obstacles, et enclencher des changements souhaitables et durables\u2009? Explorez dans ce livre vos habitudes et les th\u00e9matiques de la motivation, de la confiance en soi, de la procrastination, [&hellip;]<\/p>\n","protected":false},"author":1,"featured_media":0,"parent":0,"menu_order":3,"comment_status":"closed","ping_status":"closed","template":"page-no-title","meta":{"footnotes":""},"class_list":["post-57","page","type-page","status-publish","hentry"],"_links":{"self":[{"href":"https:\/\/www.zakhiaserhani.eu\/index.php\/wp-json\/wp\/v2\/pages\/57","targetHints":{"allow":["GET"]}}],"collection":[{"href":"https:\/\/www.zakhiaserhani.eu\/index.php\/wp-json\/wp\/v2\/pages"}],"about":[{"href":"https:\/\/www.zakhiaserhani.eu\/index.php\/wp-json\/wp\/v2\/types\/page"}],"author":[{"embeddable":true,"href":"https:\/\/www.zakhiaserhani.eu\/index.php\/wp-json\/wp\/v2\/users\/1"}],"replies":[{"embeddable":true,"href":"https:\/\/www.zakhiaserhani.eu\/index.php\/wp-json\/wp\/v2\/comments?post=57"}],"version-history":[{"count":58,"href":"https:\/\/www.zakhiaserhani.eu\/index.php\/wp-json\/wp\/v2\/pages\/57\/revisions"}],"predecessor-version":[{"id":280,"href":"https:\/\/www.zakhiaserhani.eu\/index.php\/wp-json\/wp\/v2\/pages\/57\/revisions\/280"}],"wp:attachment":[{"href":"https:\/\/www.zakhiaserhani.eu\/index.php\/wp-json\/wp\/v2\/media?parent=57"}],"curies":[{"name":"wp","href":"https:\/\/api.w.org\/{rel}","templated":true}]}}