{"id":62,"date":"2025-12-05T22:48:30","date_gmt":"2025-12-05T22:48:30","guid":{"rendered":"http:\/\/www.zakhiaserhani.eu\/?page_id=62"},"modified":"2026-04-06T16:55:21","modified_gmt":"2026-04-06T16:55:21","slug":"coaching","status":"publish","type":"page","link":"https:\/\/www.zakhiaserhani.eu\/index.php\/coaching\/","title":{"rendered":"Coaching"},"content":{"rendered":"\n<div class=\"wp-block-group alignfull has-base-background-color has-background has-global-padding is-layout-constrained wp-container-core-group-is-layout-d89aad35 wp-block-group-is-layout-constrained\" style=\"margin-top:0;margin-bottom:0;padding-top:var(--wp--preset--spacing--50);padding-right:var(--wp--preset--spacing--50);padding-bottom:var(--wp--preset--spacing--50);padding-left:var(--wp--preset--spacing--50)\">\n<div class=\"wp-block-columns alignwide is-layout-flex wp-container-core-columns-is-layout-1da03c2a wp-block-columns-is-layout-flex\">\n<div class=\"wp-block-column is-vertically-aligned-center is-layout-flow wp-block-column-is-layout-flow\" style=\"flex-basis:60%\">\n<figure class=\"wp-block-image size-full is-style-default wp-duotone-unset-1\"><img loading=\"lazy\" decoding=\"async\" width=\"1260\" height=\"878\" src=\"https:\/\/www.zakhiaserhani.eu\/wp-content\/uploads\/2025\/12\/Coaching2.jpg\" alt=\"\" class=\"wp-image-25\" style=\"aspect-ratio:4\/3;object-fit:cover\" srcset=\"https:\/\/www.zakhiaserhani.eu\/wp-content\/uploads\/2025\/12\/Coaching2.jpg 1260w, https:\/\/www.zakhiaserhani.eu\/wp-content\/uploads\/2025\/12\/Coaching2-300x209.jpg 300w, https:\/\/www.zakhiaserhani.eu\/wp-content\/uploads\/2025\/12\/Coaching2-1024x714.jpg 1024w, https:\/\/www.zakhiaserhani.eu\/wp-content\/uploads\/2025\/12\/Coaching2-768x535.jpg 768w\" sizes=\"auto, (max-width: 1260px) 100vw, 1260px\" \/><\/figure>\n<\/div>\n\n\n\n<div class=\"wp-block-column is-layout-flow wp-block-column-is-layout-flow\" style=\"flex-basis:40%\">\n<h3 class=\"wp-block-heading\">Coachings professionnels et priv\u00e9s<\/h3>\n\n\n\n<p>Form\u00e9e \u00e0 la PNL, la syst\u00e9mique, la gestion de projets et la gestion du changement, je mets depuis 10 ans mes comp\u00e9tences au service des personnes que j&#8217;accompagne<\/p>\n\n\n\n<p><strong>Coachings priv\u00e9s<\/strong>: efficacit\u00e9 personnelle, gestion des \u00e9motions , projets de vie, etc. <\/p>\n\n\n\n<p><strong>Coachings professionnels<\/strong>: prise en main d&#8217;une nouvelle fonction, gestion d&#8217;\u00e9quipe et gestion du temps, etc.<\/p>\n\n\n\n<p><strong>Contact:<\/strong> zakhiaserhani@gmail.com<\/p>\n<\/div>\n<\/div>\n<\/div>\n","protected":false},"excerpt":{"rendered":"<p>Coachings professionnels et priv\u00e9s Form\u00e9e \u00e0 la PNL, la syst\u00e9mique, la gestion de projets et la gestion du changement, je mets depuis 10 ans mes comp\u00e9tences au service des personnes que j&#8217;accompagne Coachings priv\u00e9s: efficacit\u00e9 personnelle, gestion des \u00e9motions , projets de vie, etc. Coachings professionnels: prise en main d&#8217;une nouvelle fonction, gestion d&#8217;\u00e9quipe et [&hellip;]<\/p>\n","protected":false},"author":1,"featured_media":0,"parent":0,"menu_order":4,"comment_status":"closed","ping_status":"closed","template":"","meta":{"footnotes":""},"class_list":["post-62","page","type-page","status-publish","hentry"],"_links":{"self":[{"href":"https:\/\/www.zakhiaserhani.eu\/index.php\/wp-json\/wp\/v2\/pages\/62","targetHints":{"allow":["GET"]}}],"collection":[{"href":"https:\/\/www.zakhiaserhani.eu\/index.php\/wp-json\/wp\/v2\/pages"}],"about":[{"href":"https:\/\/www.zakhiaserhani.eu\/index.php\/wp-json\/wp\/v2\/types\/page"}],"author":[{"embeddable":true,"href":"https:\/\/www.zakhiaserhani.eu\/index.php\/wp-json\/wp\/v2\/users\/1"}],"replies":[{"embeddable":true,"href":"https:\/\/www.zakhiaserhani.eu\/index.php\/wp-json\/wp\/v2\/comments?post=62"}],"version-history":[{"count":7,"href":"https:\/\/www.zakhiaserhani.eu\/index.php\/wp-json\/wp\/v2\/pages\/62\/revisions"}],"predecessor-version":[{"id":281,"href":"https:\/\/www.zakhiaserhani.eu\/index.php\/wp-json\/wp\/v2\/pages\/62\/revisions\/281"}],"wp:attachment":[{"href":"https:\/\/www.zakhiaserhani.eu\/index.php\/wp-json\/wp\/v2\/media?parent=62"}],"curies":[{"name":"wp","href":"https:\/\/api.w.org\/{rel}","templated":true}]}}